{"id":938,"date":"2022-03-04T04:32:55","date_gmt":"2022-03-04T04:32:55","guid":{"rendered":"https:\/\/swimnjoy.com\/admission\/"},"modified":"2025-02-16T03:50:20","modified_gmt":"2025-02-16T03:50:20","slug":"servicios","status":"publish","type":"page","link":"https:\/\/swimnjoy.com\/en\/servicios\/","title":{"rendered":"Services"},"content":{"rendered":"<div data-elementor-type=\"wp-page\" data-elementor-id=\"938\" class=\"elementor elementor-938\">\n\t\t\t\t\t\t<section class=\"elementor-section elementor-top-section elementor-element elementor-element-fbd8b85 elementor-section-boxed elementor-section-height-default elementor-section-height-default\" data-id=\"fbd8b85\" data-element_type=\"section\" data-e-type=\"section\" data-settings=\"{&quot;background_background&quot;:&quot;classic&quot;}\">\n\t\t\t\t\t\t<div class=\"elementor-container elementor-column-gap-no\">\n\t\t\t\t\t<div class=\"elementor-column elementor-col-100 elementor-top-column elementor-element elementor-element-3ac4dba\" data-id=\"3ac4dba\" data-element_type=\"column\" data-e-type=\"column\">\n\t\t\t<div class=\"elementor-widget-wrap\">\n\t\t\t\t\t\t\t<\/div>\n\t\t<\/div>\n\t\t\t\t\t<\/div>\n\t\t<\/section>\n\t\t\t\t<section class=\"elementor-section elementor-top-section elementor-element elementor-element-976dfd8 elementor-section-boxed elementor-section-height-default elementor-section-height-default\" data-id=\"976dfd8\" data-element_type=\"section\" data-e-type=\"section\">\n\t\t\t\t\t\t<div class=\"elementor-container elementor-column-gap-default\">\n\t\t\t\t\t<div class=\"elementor-column elementor-col-100 elementor-top-column elementor-element elementor-element-727b594\" data-id=\"727b594\" data-element_type=\"column\" data-e-type=\"column\">\n\t\t\t<div class=\"elementor-widget-wrap elementor-element-populated\">\n\t\t\t\t\t\t<section class=\"elementor-section elementor-inner-section elementor-element elementor-element-5ac675f elementor-section-boxed elementor-section-height-default elementor-section-height-default\" data-id=\"5ac675f\" data-element_type=\"section\" data-e-type=\"section\">\n\t\t\t\t\t\t<div class=\"elementor-container elementor-column-gap-no\">\n\t\t\t\t\t<div class=\"elementor-column elementor-col-100 elementor-inner-column elementor-element elementor-element-1378fb8\" data-id=\"1378fb8\" data-element_type=\"column\" data-e-type=\"column\">\n\t\t\t<div class=\"elementor-widget-wrap elementor-element-populated\">\n\t\t\t\t\t\t<div class=\"elementor-element elementor-element-48ad814 elementor-widget elementor-widget-heading\" data-id=\"48ad814\" data-element_type=\"widget\" data-e-type=\"widget\" data-widget_type=\"heading.default\">\n\t\t\t\t<div class=\"elementor-widget-container\">\n\t\t\t\t\t<h6 class=\"elementor-heading-title elementor-size-default\">What we offer?<\/h6>\t\t\t\t<\/div>\n\t\t\t\t<\/div>\n\t\t\t\t<div class=\"elementor-element elementor-element-1ad68a8 elementor-widget elementor-widget-heading\" data-id=\"1ad68a8\" data-element_type=\"widget\" data-e-type=\"widget\" data-widget_type=\"heading.default\">\n\t\t\t\t<div class=\"elementor-widget-container\">\n\t\t\t\t\t<h1 class=\"elementor-heading-title elementor-size-default\">Our services<\/h1>\t\t\t\t<\/div>\n\t\t\t\t<\/div>\n\t\t\t\t\t<\/div>\n\t\t<\/div>\n\t\t\t\t\t<\/div>\n\t\t<\/section>\n\t\t\t\t\t<\/div>\n\t\t<\/div>\n\t\t\t\t\t<\/div>\n\t\t<\/section>\n\t\t\t\t<section class=\"elementor-section elementor-top-section elementor-element elementor-element-24f8e09 elementor-section-boxed elementor-section-height-default elementor-section-height-default\" data-id=\"24f8e09\" data-element_type=\"section\" data-e-type=\"section\">\n\t\t\t\t\t\t<div class=\"elementor-container elementor-column-gap-default\">\n\t\t\t\t\t<div class=\"elementor-column elementor-col-66 elementor-top-column elementor-element elementor-element-ddf4b50\" data-id=\"ddf4b50\" data-element_type=\"column\" data-e-type=\"column\" data-settings=\"{&quot;background_background&quot;:&quot;classic&quot;}\">\n\t\t\t<div class=\"elementor-widget-wrap elementor-element-populated\">\n\t\t\t\t\t\t<div class=\"elementor-element elementor-element-60ce0ea elementor-widget elementor-widget-text-editor\" data-id=\"60ce0ea\" data-element_type=\"widget\" data-e-type=\"widget\" data-widget_type=\"text-editor.default\">\n\t\t\t\t<div class=\"elementor-widget-container\">\n\t\t\t\t\t\t\t\t\t<h4>Buy Online \" Swimming with your family\"<\/h4><h5><span style=\"font-weight: 400;\">Learn the Swimfulness Method <\/span><\/h5><p><span style=\"font-weight: 400;\">We are leaders in transforming fear of water into a love for swimming\u00a0<\/span><\/p><p><a href=\"https:\/\/swimnjoy.com\/en\/swim-school\/\">I want to know more<\/a><\/p>\t\t\t\t\t\t\t\t<\/div>\n\t\t\t\t<\/div>\n\t\t\t\t\t<\/div>\n\t\t<\/div>\n\t\t\t\t<div class=\"elementor-column elementor-col-33 elementor-top-column elementor-element elementor-element-fafdde0\" data-id=\"fafdde0\" data-element_type=\"column\" data-e-type=\"column\">\n\t\t\t<div class=\"elementor-widget-wrap elementor-element-populated\">\n\t\t\t\t\t\t<div class=\"elementor-element elementor-element-7a6afbd elementor-widget elementor-widget-image\" data-id=\"7a6afbd\" data-element_type=\"widget\" data-e-type=\"widget\" data-widget_type=\"image.default\">\n\t\t\t\t<div class=\"elementor-widget-container\">\n\t\t\t\t\t\t\t\t\t\t\t\t\t\t\t<img fetchpriority=\"high\" decoding=\"async\" width=\"2048\" height=\"1536\" src=\"https:\/\/swimnjoy.com\/wp-content\/uploads\/2025\/02\/FOTO-2-1-1-2048x1536.jpg\" class=\"attachment-2048x2048 size-2048x2048 wp-image-2025\" alt=\"\" srcset=\"https:\/\/swimnjoy.com\/wp-content\/uploads\/2025\/02\/FOTO-2-1-1-2048x1536.jpg 2048w, https:\/\/swimnjoy.com\/wp-content\/uploads\/2025\/02\/FOTO-2-1-1-scaled-e1739677811978-16x12.jpg 16w\" sizes=\"(max-width: 2048px) 100vw, 2048px\" \/>\t\t\t\t\t\t\t\t\t\t\t\t\t\t\t<\/div>\n\t\t\t\t<\/div>\n\t\t\t\t\t<\/div>\n\t\t<\/div>\n\t\t\t\t\t<\/div>\n\t\t<\/section>\n\t\t\t\t<section class=\"elementor-section elementor-top-section elementor-element elementor-element-da67851 elementor-section-boxed elementor-section-height-default elementor-section-height-default\" data-id=\"da67851\" data-element_type=\"section\" data-e-type=\"section\">\n\t\t\t\t\t\t<div class=\"elementor-container elementor-column-gap-default\">\n\t\t\t\t\t<div class=\"elementor-column elementor-col-33 elementor-top-column elementor-element elementor-element-854a94e\" data-id=\"854a94e\" data-element_type=\"column\" data-e-type=\"column\">\n\t\t\t<div class=\"elementor-widget-wrap elementor-element-populated\">\n\t\t\t\t\t\t<div class=\"elementor-element elementor-element-1629012 elementor-widget elementor-widget-image\" data-id=\"1629012\" data-element_type=\"widget\" data-e-type=\"widget\" data-widget_type=\"image.default\">\n\t\t\t\t<div class=\"elementor-widget-container\">\n\t\t\t\t\t\t\t\t\t\t\t\t\t\t\t<img decoding=\"async\" width=\"352\" height=\"240\" src=\"https:\/\/swimnjoy.com\/wp-content\/uploads\/2023\/10\/Sin-titulo-1__-03.png\" class=\"attachment-large size-large wp-image-1901\" alt=\"pool\" srcset=\"https:\/\/swimnjoy.com\/wp-content\/uploads\/2023\/10\/Sin-titulo-1__-03.png 352w, https:\/\/swimnjoy.com\/wp-content\/uploads\/2023\/10\/Sin-titulo-1__-03-300x205.png 300w, https:\/\/swimnjoy.com\/wp-content\/uploads\/2023\/10\/Sin-titulo-1__-03-18x12.png 18w\" sizes=\"(max-width: 352px) 100vw, 352px\" \/>\t\t\t\t\t\t\t\t\t\t\t\t\t\t\t<\/div>\n\t\t\t\t<\/div>\n\t\t\t\t\t<\/div>\n\t\t<\/div>\n\t\t\t\t<div class=\"elementor-column elementor-col-66 elementor-top-column elementor-element elementor-element-e3acef7\" data-id=\"e3acef7\" data-element_type=\"column\" data-e-type=\"column\" data-settings=\"{&quot;background_background&quot;:&quot;classic&quot;}\">\n\t\t\t<div class=\"elementor-widget-wrap elementor-element-populated\">\n\t\t\t\t\t\t<div class=\"elementor-element elementor-element-9b99807 service-boxes elementor-widget elementor-widget-text-editor\" data-id=\"9b99807\" data-element_type=\"widget\" data-e-type=\"widget\" data-widget_type=\"text-editor.default\">\n\t\t\t\t<div class=\"elementor-widget-container\">\n\t\t\t\t\t\t\t\t\t<h3>On site lessons<\/h3><p>Individual session from 6 month of age.<\/p><ul><li>6-12 months<\/li><li>12-18 months<\/li><li>18-24 months<\/li><\/ul><p><a href=\"https:\/\/swimnjoy.com\/en\/contacto\/\">Book a lesson\/consult  online<\/a><\/p>\t\t\t\t\t\t\t\t<\/div>\n\t\t\t\t<\/div>\n\t\t\t\t\t<\/div>\n\t\t<\/div>\n\t\t\t\t\t<\/div>\n\t\t<\/section>\n\t\t\t\t<section class=\"elementor-section elementor-top-section elementor-element elementor-element-bb9ba0d elementor-section-boxed elementor-section-height-default elementor-section-height-default\" data-id=\"bb9ba0d\" data-element_type=\"section\" data-e-type=\"section\">\n\t\t\t\t\t\t<div class=\"elementor-container elementor-column-gap-default\">\n\t\t\t\t\t<div class=\"elementor-column elementor-col-66 elementor-top-column elementor-element elementor-element-5e3decd\" data-id=\"5e3decd\" data-element_type=\"column\" data-e-type=\"column\" data-settings=\"{&quot;background_background&quot;:&quot;classic&quot;}\">\n\t\t\t<div class=\"elementor-widget-wrap elementor-element-populated\">\n\t\t\t\t\t\t<div class=\"elementor-element elementor-element-10fb8de elementor-widget elementor-widget-text-editor\" data-id=\"10fb8de\" data-element_type=\"widget\" data-e-type=\"widget\" data-widget_type=\"text-editor.default\">\n\t\t\t\t<div class=\"elementor-widget-container\">\n\t\t\t\t\t\t\t\t\t<h3>Online Lessons<\/h3><p>How to start teaching  your baby how to swim<\/p><ul><li>Online lesson from your bath or pool<\/li><li>Online consultations<\/li><\/ul><p><a href=\"https:\/\/swimnjoy.com\/en\/contacto\/\">Book a lesson\/consult  online<\/a><\/p>\t\t\t\t\t\t\t\t<\/div>\n\t\t\t\t<\/div>\n\t\t\t\t\t<\/div>\n\t\t<\/div>\n\t\t\t\t<div class=\"elementor-column elementor-col-33 elementor-top-column elementor-element elementor-element-697967a\" data-id=\"697967a\" data-element_type=\"column\" data-e-type=\"column\">\n\t\t\t<div class=\"elementor-widget-wrap elementor-element-populated\">\n\t\t\t\t\t\t<div class=\"elementor-element elementor-element-6a1e5a7 elementor-widget elementor-widget-image\" data-id=\"6a1e5a7\" data-element_type=\"widget\" data-e-type=\"widget\" data-widget_type=\"image.default\">\n\t\t\t\t<div class=\"elementor-widget-container\">\n\t\t\t\t\t\t\t\t\t\t\t\t\t\t\t<img decoding=\"async\" width=\"343\" height=\"234\" src=\"https:\/\/swimnjoy.com\/wp-content\/uploads\/2024\/01\/talia.png\" class=\"attachment-large size-large wp-image-1945\" alt=\"\" srcset=\"https:\/\/swimnjoy.com\/wp-content\/uploads\/2024\/01\/talia.png 343w, https:\/\/swimnjoy.com\/wp-content\/uploads\/2024\/01\/talia-300x205.png 300w, https:\/\/swimnjoy.com\/wp-content\/uploads\/2024\/01\/talia-18x12.png 18w\" sizes=\"(max-width: 343px) 100vw, 343px\" \/>\t\t\t\t\t\t\t\t\t\t\t\t\t\t\t<\/div>\n\t\t\t\t<\/div>\n\t\t\t\t\t<\/div>\n\t\t<\/div>\n\t\t\t\t\t<\/div>\n\t\t<\/section>\n\t\t\t\t<section class=\"elementor-section elementor-top-section elementor-element elementor-element-4e55f7d elementor-section-boxed elementor-section-height-default elementor-section-height-default\" data-id=\"4e55f7d\" data-element_type=\"section\" data-e-type=\"section\">\n\t\t\t\t\t\t<div class=\"elementor-container elementor-column-gap-default\">\n\t\t\t\t\t<div class=\"elementor-column elementor-col-33 elementor-top-column elementor-element elementor-element-83ddb44\" data-id=\"83ddb44\" data-element_type=\"column\" data-e-type=\"column\">\n\t\t\t<div class=\"elementor-widget-wrap elementor-element-populated\">\n\t\t\t\t\t\t<div class=\"elementor-element elementor-element-18c0733 elementor-widget elementor-widget-image\" data-id=\"18c0733\" data-element_type=\"widget\" data-e-type=\"widget\" data-widget_type=\"image.default\">\n\t\t\t\t<div class=\"elementor-widget-container\">\n\t\t\t\t\t\t\t\t\t\t\t\t\t\t\t<img loading=\"lazy\" decoding=\"async\" width=\"352\" height=\"240\" src=\"https:\/\/swimnjoy.com\/wp-content\/uploads\/2023\/11\/swimfulness.png\" class=\"attachment-large size-large wp-image-1919\" alt=\"\" srcset=\"https:\/\/swimnjoy.com\/wp-content\/uploads\/2023\/11\/swimfulness.png 352w, https:\/\/swimnjoy.com\/wp-content\/uploads\/2023\/11\/swimfulness-300x205.png 300w, https:\/\/swimnjoy.com\/wp-content\/uploads\/2023\/11\/swimfulness-18x12.png 18w\" sizes=\"(max-width: 352px) 100vw, 352px\" \/>\t\t\t\t\t\t\t\t\t\t\t\t\t\t\t<\/div>\n\t\t\t\t<\/div>\n\t\t\t\t\t<\/div>\n\t\t<\/div>\n\t\t\t\t<div class=\"elementor-column elementor-col-66 elementor-top-column elementor-element elementor-element-6564147\" data-id=\"6564147\" data-element_type=\"column\" data-e-type=\"column\" data-settings=\"{&quot;background_background&quot;:&quot;classic&quot;}\">\n\t\t\t<div class=\"elementor-widget-wrap elementor-element-populated\">\n\t\t\t\t\t\t<div class=\"elementor-element elementor-element-9e9a226 elementor-widget elementor-widget-text-editor\" data-id=\"9e9a226\" data-element_type=\"widget\" data-e-type=\"widget\" data-widget_type=\"text-editor.default\">\n\t\t\t\t<div class=\"elementor-widget-container\">\n\t\t\t\t\t\t\t\t\t<h4>Online Certifications and Workshops<\/h4><h5>Workshop for Doctors and Pediatricians<\/h5><p>Optimizing Child Aquatic Safety and Development: Innovative Practices for Pediatricians<\/p><h5>Workshop for Parents<\/h5><p>How to use Bath Time to teach aquatic skills to your Baby\/Child (From the First Bath)<\/p><h5>Swimfulness Certification<\/h5><p>For teachers, students, and educators in the field of Physical Education<\/p><p><a href=\"https:\/\/swimnjoy.com\/en\/contacto\/\">I want to book a workshop or a certification<\/a><\/p>\t\t\t\t\t\t\t\t<\/div>\n\t\t\t\t<\/div>\n\t\t\t\t\t<\/div>\n\t\t<\/div>\n\t\t\t\t\t<\/div>\n\t\t<\/section>\n\t\t\t\t<section class=\"elementor-section elementor-top-section elementor-element elementor-element-fadfe65 elementor-section-boxed elementor-section-height-default elementor-section-height-default\" data-id=\"fadfe65\" data-element_type=\"section\" data-e-type=\"section\">\n\t\t\t\t\t\t<div class=\"elementor-container elementor-column-gap-default\">\n\t\t\t\t\t<div class=\"elementor-column elementor-col-100 elementor-top-column elementor-element elementor-element-22c8970\" data-id=\"22c8970\" data-element_type=\"column\" data-e-type=\"column\">\n\t\t\t<div class=\"elementor-widget-wrap\">\n\t\t\t\t\t\t\t<\/div>\n\t\t<\/div>\n\t\t\t\t\t<\/div>\n\t\t<\/section>\n\t\t\t\t<\/div>","protected":false},"excerpt":{"rendered":"<p>\u00bfQu\u00e9 ofrecemos? Nuestros servicios Curso Online \u201cNadando en Familia\u201d Aprende el M\u00e9todo Swimfulness: l\u00edder en convertir el miedo al agua en ni\u00f1os que aman nadar.\u00a0 Saber m\u00e1s &gt; Clases Presenciales Clases individuales desde los 6 meses. 6-12 meses 12-18 meses 18-24 meses Agenda clase &gt; Clases Virtuales Como ba\u00f1ar a tu bebe desde el primer [&hellip;]<\/p>\n","protected":false},"author":2,"featured_media":0,"parent":0,"menu_order":0,"comment_status":"closed","ping_status":"closed","template":"","meta":{"site-sidebar-layout":"no-sidebar","site-content-layout":"page-builder","ast-site-content-layout":"default","site-content-style":"default","site-sidebar-style":"default","ast-global-header-display":"","ast-banner-title-visibility":"","ast-main-header-display":"","ast-hfb-above-header-display":"","ast-hfb-below-header-display":"","ast-hfb-mobile-header-display":"","site-post-title":"disabled","ast-breadcrumbs-content":"","ast-featured-img":"disabled","footer-sml-layout":"","ast-disable-related-posts":"","theme-transparent-header-meta":"enabled","adv-header-id-meta":"","stick-header-meta":"","header-above-stick-meta":"","header-main-stick-meta":"","header-below-stick-meta":"","astra-migrate-meta-layouts":"default","ast-page-background-enabled":"default","ast-page-background-meta":{"desktop":{"background-color":"var(--ast-global-color-4)","background-image":"","background-repeat":"repeat","background-position":"center center","background-size":"auto","background-attachment":"scroll","background-type":"","background-media":"","overlay-type":"","overlay-color":"","overlay-opacity":"","overlay-gradient":""},"tablet":{"background-color":"","background-image":"","background-repeat":"repeat","background-position":"center center","background-size":"auto","background-attachment":"scroll","background-type":"","background-media":"","overlay-type":"","overlay-color":"","overlay-opacity":"","overlay-gradient":""},"mobile":{"background-color":"","background-image":"","background-repeat":"repeat","background-position":"center center","background-size":"auto","background-attachment":"scroll","background-type":"","background-media":"","overlay-type":"","overlay-color":"","overlay-opacity":"","overlay-gradient":""}},"ast-content-background-meta":{"desktop":{"background-color":"var(--ast-global-color-5)","background-image":"","background-repeat":"repeat","background-position":"center center","background-size":"auto","background-attachment":"scroll","background-type":"","background-media":"","overlay-type":"","overlay-color":"","overlay-opacity":"","overlay-gradient":""},"tablet":{"background-color":"var(--ast-global-color-5)","background-image":"","background-repeat":"repeat","background-position":"center center","background-size":"auto","background-attachment":"scroll","background-type":"","background-media":"","overlay-type":"","overlay-color":"","overlay-opacity":"","overlay-gradient":""},"mobile":{"background-color":"var(--ast-global-color-5)","background-image":"","background-repeat":"repeat","background-position":"center center","background-size":"auto","background-attachment":"scroll","background-type":"","background-media":"","overlay-type":"","overlay-color":"","overlay-opacity":"","overlay-gradient":""}},"footnotes":""},"class_list":["post-938","page","type-page","status-publish","hentry"],"_links":{"self":[{"href":"https:\/\/swimnjoy.com\/en\/wp-json\/wp\/v2\/pages\/938","targetHints":{"allow":["GET"]}}],"collection":[{"href":"https:\/\/swimnjoy.com\/en\/wp-json\/wp\/v2\/pages"}],"about":[{"href":"https:\/\/swimnjoy.com\/en\/wp-json\/wp\/v2\/types\/page"}],"author":[{"embeddable":true,"href":"https:\/\/swimnjoy.com\/en\/wp-json\/wp\/v2\/users\/2"}],"replies":[{"embeddable":true,"href":"https:\/\/swimnjoy.com\/en\/wp-json\/wp\/v2\/comments?post=938"}],"version-history":[{"count":62,"href":"https:\/\/swimnjoy.com\/en\/wp-json\/wp\/v2\/pages\/938\/revisions"}],"predecessor-version":[{"id":2028,"href":"https:\/\/swimnjoy.com\/en\/wp-json\/wp\/v2\/pages\/938\/revisions\/2028"}],"wp:attachment":[{"href":"https:\/\/swimnjoy.com\/en\/wp-json\/wp\/v2\/media?parent=938"}],"curies":[{"name":"wp","href":"https:\/\/api.w.org\/{rel}","templated":true}]}}